{"id":49910,"date":"2025-10-04T11:42:59","date_gmt":"2025-10-04T09:42:59","guid":{"rendered":"https:\/\/heydenreich.net\/?page_id=49910"},"modified":"2026-01-23T12:29:43","modified_gmt":"2026-01-23T11:29:43","slug":"team","status":"publish","type":"page","link":"https:\/\/heydenreich.net\/?page_id=49910","title":{"rendered":"Team"},"content":{"rendered":"\t\t<div data-elementor-type=\"wp-page\" data-elementor-id=\"49910\" class=\"elementor elementor-49910\" data-elementor-post-type=\"page\">\n\t\t\t\t<div class=\"elementor-element elementor-element-4ed45b2 e-flex e-con-boxed e-con e-parent\" data-id=\"4ed45b2\" data-element_type=\"container\">\n\t\t\t\t\t<div class=\"e-con-inner\">\n\t\t\t\t<div class=\"elementor-element elementor-element-d30c299 shadowcore-infocard-layout--horizontal shadowcore-caption-above--yes shadowcore-swap-head--no shadowcore-swap-cotent--no elementor-widget elementor-widget-shadow-info-card-grid\" data-id=\"d30c299\" data-element_type=\"widget\" data-widget_type=\"shadow-info-card-grid.default\">\n\t\t\t\t<div class=\"elementor-widget-container\">\n\t\t\t\t\t\t\t<div class=\"shadowcore-service-card-grid\">\n\t\t\t\t\t<div class=\"shadowcore-service-card\">\n\t\t\t\t<div class=\"shadowcore-service-card__head\">\n\t\t\t\t\t<div class=\"shadowcore-service-card__image\">\n\t\t\t\t\t\t<div class=\"shadowcore-gallery-image shadowcore-div-image\" data-src=\"https:\/\/heydenreich.net\/wp-content\/uploads\/2025\/10\/L1120090_klein-scaled.jpg\">\n\t\t\t\t\t\t\t\t\t\t\t\t\t\t<img \n\t\t\t\t\t\t\t\tsrc=\"data:image\/svg+xml,%3Csvg%20xmlns='http:\/\/www.w3.org\/2000\/svg'%20viewBox='0%200%20512%20512'%3E%3C\/svg%3E\"\n\t\t\t\t\t\t\t\talt=\"\">\n\t\t\t\t\t\t\t\t\t\t\t\t\t<\/div>\n\t\t\t\t\t<\/div>\n\t\t\t\t\t<div class=\"shadowcore-service-card__label\">\n\t\t\t\t\t\t<span>Fotografie &amp; Make-Up<\/span>\n\t\t\t\t\t\tCatharina\t\t\t\t\t\t<span>Fotografie &amp; Make-Up<\/span>\n\t\t\t\t\t<\/div>\n\t\t\t\t<\/div><!-- .shadowcore-service-card__head -->\n\t\t\t\t<div class=\"shadowcore-service-card__content\">\n\t\t\t\t\tCatharina (C\u00e4the) ist gelernte Make-Up Artistin und hat jahrelang f\u00fcr Spielfilme, Kinofilme und TV-Shows geschminkt. Neben ihrem Visagisten-Dasein fotografiert sie und hat ihre St\u00e4rke in sch\u00f6nen Momentaufnahmen kleiner Menschengruppen. Durch Ihr Fachwissen ist sie unser Profi f\u00fcr Portrait-Nachbearbeitung.\t\t\t\t\t\n\t\t\t\t\t\t<div class=\"shadowcore-service-card__link\">\n\t\t\t\t\t\t\t<a href=\"mailto:%20catharina@heydenreich.net\" target=\"_blank\"  class=\"shadowcore-service-card__link--button\">catharina@heydenreich.net<\/a>\n\t\t\t\t\t\t<\/div>\t\t\t\t<\/div><!-- .shadowcore-service-card__content -->\n\t\t\t\t\t\t\t<\/div><!-- .shadowcore-service-card -->\n\t\t\t\t\t\t<div class=\"shadowcore-service-card\">\n\t\t\t\t<div class=\"shadowcore-service-card__head\">\n\t\t\t\t\t<div class=\"shadowcore-service-card__image\">\n\t\t\t\t\t\t<div class=\"shadowcore-gallery-image shadowcore-div-image\" data-src=\"https:\/\/heydenreich.net\/wp-content\/uploads\/2025\/10\/L1120083_klein-scaled.jpg\">\n\t\t\t\t\t\t\t\t\t\t\t\t\t\t<img \n\t\t\t\t\t\t\t\tsrc=\"data:image\/svg+xml,%3Csvg%20xmlns='http:\/\/www.w3.org\/2000\/svg'%20viewBox='0%200%20512%20512'%3E%3C\/svg%3E\"\n\t\t\t\t\t\t\t\talt=\"\">\n\t\t\t\t\t\t\t\t\t\t\t\t\t<\/div>\n\t\t\t\t\t<\/div>\n\t\t\t\t\t<div class=\"shadowcore-service-card__label\">\n\t\t\t\t\t\t<span>Fotografie &amp; Editing<\/span>\n\t\t\t\t\t\tCaro\t\t\t\t\t\t<span>Fotografie &amp; Editing<\/span>\n\t\t\t\t\t<\/div>\n\t\t\t\t<\/div><!-- .shadowcore-service-card__head -->\n\t\t\t\t<div class=\"shadowcore-service-card__content\">\n\t\t\t\t\tCaro(lin) hat Fotografie studiert und Ihren Fokus eigentlich in der Hochzeitsfotografie. Sie hat eine gewisse Detailliebe und das n\u00f6tige Gesp\u00fcr f\u00fcr die Situation. Durch die Hochzeitsfotografie ist sie gewohnt, die gesamte Situation zu dokumentieren und schafft sch\u00f6ne Erinnerungen. Ihr zweiter Schwerpunkt ist die fotografische Veranstaltungs-Dokumentation.\t\t\t\t\t\n\t\t\t\t\t\t<div class=\"shadowcore-service-card__link\">\n\t\t\t\t\t\t\t<a href=\"mailto:%20carolin@heydenreich.net\" target=\"_blank\"  class=\"shadowcore-service-card__link--button\">carolin@heydenreich.net<\/a>\n\t\t\t\t\t\t<\/div>\t\t\t\t<\/div><!-- .shadowcore-service-card__content -->\n\t\t\t\t\t\t\t<\/div><!-- .shadowcore-service-card -->\n\t\t\t\t\t\t<div class=\"shadowcore-service-card\">\n\t\t\t\t<div class=\"shadowcore-service-card__head\">\n\t\t\t\t\t<div class=\"shadowcore-service-card__image\">\n\t\t\t\t\t\t<div class=\"shadowcore-gallery-image shadowcore-div-image\" data-src=\"https:\/\/heydenreich.net\/wp-content\/uploads\/2025\/10\/L1120070_klein-scaled.jpg\">\n\t\t\t\t\t\t\t\t\t\t\t\t\t\t<img \n\t\t\t\t\t\t\t\tsrc=\"data:image\/svg+xml,%3Csvg%20xmlns='http:\/\/www.w3.org\/2000\/svg'%20viewBox='0%200%20512%20512'%3E%3C\/svg%3E\"\n\t\t\t\t\t\t\t\talt=\"\">\n\t\t\t\t\t\t\t\t\t\t\t\t\t<\/div>\n\t\t\t\t\t<\/div>\n\t\t\t\t\t<div class=\"shadowcore-service-card__label\">\n\t\t\t\t\t\t<span>Fotografie &amp; Video<\/span>\n\t\t\t\t\t\tChris\t\t\t\t\t\t<span>Fotografie &amp; Video<\/span>\n\t\t\t\t\t<\/div>\n\t\t\t\t<\/div><!-- .shadowcore-service-card__head -->\n\t\t\t\t<div class=\"shadowcore-service-card__content\">\n\t\t\t\t\tChris ist Secound Shooter, der es aber immer wieder schafft, eigene Blickwinkel zu Leitmotiven zu machen. Seine unauff\u00e4llige Art macht ihn nahezu unsichtbar und bringt dadurch tolle Motive hervor. Chris fotografiert und filmt und ist damit eine echte  &#039;Allzweckwaffe&#039;.\t\t\t\t\t\n\t\t\t\t\t\t<div class=\"shadowcore-service-card__link\">\n\t\t\t\t\t\t\t<a href=\"mailto:%20chris@heydenreich.net\" target=\"_blank\"  class=\"shadowcore-service-card__link--button\">chris@heydenreich.net<\/a>\n\t\t\t\t\t\t<\/div>\t\t\t\t<\/div><!-- .shadowcore-service-card__content -->\n\t\t\t\t\t\t\t<\/div><!-- .shadowcore-service-card -->\n\t\t\t\t\t\t<div class=\"shadowcore-service-card\">\n\t\t\t\t<div class=\"shadowcore-service-card__head\">\n\t\t\t\t\t<div class=\"shadowcore-service-card__image\">\n\t\t\t\t\t\t<div class=\"shadowcore-gallery-image shadowcore-div-image\" data-src=\"https:\/\/heydenreich.net\/wp-content\/uploads\/2025\/06\/KT_DDBT1142_klein-scaled.jpg\">\n\t\t\t\t\t\t\t\t\t\t\t\t\t\t<img \n\t\t\t\t\t\t\t\tsrc=\"data:image\/svg+xml,%3Csvg%20xmlns='http:\/\/www.w3.org\/2000\/svg'%20viewBox='0%200%20512%20512'%3E%3C\/svg%3E\"\n\t\t\t\t\t\t\t\talt=\"\">\n\t\t\t\t\t\t\t\t\t\t\t\t\t<\/div>\n\t\t\t\t\t<\/div>\n\t\t\t\t\t<div class=\"shadowcore-service-card__label\">\n\t\t\t\t\t\t<span>Ton &amp; Sounddesign<\/span>\n\t\t\t\t\t\tMoritz\t\t\t\t\t\t<span>Ton &amp; Sounddesign<\/span>\n\t\t\t\t\t<\/div>\n\t\t\t\t<\/div><!-- .shadowcore-service-card__head -->\n\t\t\t\t<div class=\"shadowcore-service-card__content\">\n\t\t\t\t\tMoritz ist gelernter Tonmann und hat seinen Schwerpunkt bei TV- und Image-Produktionen. Er ist sehr technik-sicher und wei\u00df, wie man den besten Ton bekommt, damit Filmprojekte &#039;echtes Leben&#039; bekommen. Moritz kann auch Kameras bedienen und ist damit ein Allroundtalent.\t\t\t\t\t\n\t\t\t\t\t\t<div class=\"shadowcore-service-card__link\">\n\t\t\t\t\t\t\t<a href=\"mailto:%20moritz@heydenreich.net\" target=\"_blank\"  class=\"shadowcore-service-card__link--button\">moritz@heydenreich.net<\/a>\n\t\t\t\t\t\t<\/div>\t\t\t\t<\/div><!-- .shadowcore-service-card__content -->\n\t\t\t\t\t\t\t<\/div><!-- .shadowcore-service-card -->\n\t\t\t\t\t\t<div class=\"shadowcore-service-card\">\n\t\t\t\t<div class=\"shadowcore-service-card__head\">\n\t\t\t\t\t<div class=\"shadowcore-service-card__image\">\n\t\t\t\t\t\t<div class=\"shadowcore-gallery-image shadowcore-div-image\" data-src=\"https:\/\/heydenreich.net\/wp-content\/uploads\/2025\/06\/KT_DDBT1156_klein-scaled.jpg\">\n\t\t\t\t\t\t\t\t\t\t\t\t\t\t<img \n\t\t\t\t\t\t\t\tsrc=\"data:image\/svg+xml,%3Csvg%20xmlns='http:\/\/www.w3.org\/2000\/svg'%20viewBox='0%200%20512%20512'%3E%3C\/svg%3E\"\n\t\t\t\t\t\t\t\talt=\"\">\n\t\t\t\t\t\t\t\t\t\t\t\t\t<\/div>\n\t\t\t\t\t<\/div>\n\t\t\t\t\t<div class=\"shadowcore-service-card__label\">\n\t\t\t\t\t\t<span>Fotografie, Video &amp; Schnitt<\/span>\n\t\t\t\t\t\tMax\t\t\t\t\t\t<span>Fotografie, Video &amp; Schnitt<\/span>\n\t\t\t\t\t<\/div>\n\t\t\t\t<\/div><!-- .shadowcore-service-card__head -->\n\t\t\t\t<div class=\"shadowcore-service-card__content\">\n\t\t\t\t\tMax hat Fotografie noch nach der alten analogen Schule gelernt und sich nach der Ausbildung direkt zum Kameramann weiterentwickelt. Jahrelang hat er f\u00fcr TV- und Imageproduktionen gearbeitet und durfte viel Erfahrung sammeln. Er ist Ausbilder f\u00fcr Fotografie und Kamera und Fachmann f\u00fcr Videoschnitt.\t\t\t\t\t\n\t\t\t\t\t\t<div class=\"shadowcore-service-card__link\">\n\t\t\t\t\t\t\t<a href=\"mailto:%20mail@heydenreich.net\" target=\"_blank\"  class=\"shadowcore-service-card__link--button\">mail@heydenreich.net<\/a>\n\t\t\t\t\t\t<\/div>\t\t\t\t<\/div><!-- .shadowcore-service-card__content -->\n\t\t\t\t\t\t\t<\/div><!-- .shadowcore-service-card -->\n\t\t\t\t\t<\/div><!-- .shadowcore-service-card-grid -->\n\t\t\t\t\t\t<\/div>\n\t\t\t\t<\/div>\n\t\t\t\t\t<\/div>\n\t\t\t\t<\/div>\n\t\t\t\t<\/div>\n\t\t","protected":false},"excerpt":{"rendered":"<p>Fotografie &amp; Make-Up Catharina Fotografie &amp; Make-Up Catharina (C\u00e4the) ist gelernte Make-Up Artistin und hat jahrelang f\u00fcr Spielfilme, Kinofilme und TV-Shows geschminkt. Neben ihrem Visagisten-Dasein fotografiert sie und hat ihre St\u00e4rke in sch\u00f6nen Momentaufnahmen kleiner Menschengruppen. Durch Ihr Fachwissen ist sie unser Profi f\u00fcr Portrait-Nachbearbeitung. catharina@heydenreich.net Fotografie &amp; Editing Caro Fotografie &amp; Editing Caro(lin) hat&#8230;<\/p>\n","protected":false},"author":1,"featured_media":0,"parent":0,"menu_order":0,"comment_status":"closed","ping_status":"closed","template":"","meta":{"footnotes":""},"class_list":["post-49910","page","type-page","status-publish","hentry"],"_links":{"self":[{"href":"https:\/\/heydenreich.net\/index.php?rest_route=\/wp\/v2\/pages\/49910","targetHints":{"allow":["GET"]}}],"collection":[{"href":"https:\/\/heydenreich.net\/index.php?rest_route=\/wp\/v2\/pages"}],"about":[{"href":"https:\/\/heydenreich.net\/index.php?rest_route=\/wp\/v2\/types\/page"}],"author":[{"embeddable":true,"href":"https:\/\/heydenreich.net\/index.php?rest_route=\/wp\/v2\/users\/1"}],"replies":[{"embeddable":true,"href":"https:\/\/heydenreich.net\/index.php?rest_route=%2Fwp%2Fv2%2Fcomments&post=49910"}],"version-history":[{"count":34,"href":"https:\/\/heydenreich.net\/index.php?rest_route=\/wp\/v2\/pages\/49910\/revisions"}],"predecessor-version":[{"id":53538,"href":"https:\/\/heydenreich.net\/index.php?rest_route=\/wp\/v2\/pages\/49910\/revisions\/53538"}],"wp:attachment":[{"href":"https:\/\/heydenreich.net\/index.php?rest_route=%2Fwp%2Fv2%2Fmedia&parent=49910"}],"curies":[{"name":"wp","href":"https:\/\/api.w.org\/{rel}","templated":true}]}}